{"id":1559,"date":"2026-03-03T13:45:10","date_gmt":"2026-03-03T13:45:10","guid":{"rendered":"https:\/\/www.lorenavalero.es\/?page_id=1559"},"modified":"2026-03-04T13:06:39","modified_gmt":"2026-03-04T13:06:39","slug":"biografia-english","status":"publish","type":"page","link":"https:\/\/www.lorenavalero.es\/en\/biografia-english\/","title":{"rendered":"Biography 2"},"content":{"rendered":"<p><img loading=\"lazy\" decoding=\"async\" class=\"wp-image-1221 aligncenter\" src=\"https:\/\/www.lorenavalero.es\/wp-content\/uploads\/2020\/09\/FOTO-BIOGRAFIA.jpg\" alt=\"Lorena Valero\" width=\"470\" height=\"705\" srcset=\"https:\/\/www.lorenavalero.es\/wp-content\/uploads\/2020\/09\/FOTO-BIOGRAFIA.jpg 683w, https:\/\/www.lorenavalero.es\/wp-content\/uploads\/2020\/09\/FOTO-BIOGRAFIA-200x300.jpg 200w\" sizes=\"auto, (max-width: 470px) 100vw, 470px\" \/><\/p>\n<p><a href=\"http:\/\/www.lorenavalero.es\/bio_english_2022\" target=\"_blank\" rel=\"noopener noreferrer\">Download biography<\/a><\/p>\n<h1 align=\"center\"><span style=\"font-size: x-large; color: #000000;\"><span style=\"font-family: Times, serif;\">Lorena Valero<\/span><\/span><\/h1>\n<h1 align=\"center\"><span style=\"font-size: x-large; color: #000000;\"><span style=\"font-family: Times, serif;\">mezzosoprano <\/span><\/span><\/h1>\n<p>Lorena Valero stands out for her high vocal technique and her undisguisable sensitivity.<br \/>\n(mundoclasico.com)<br \/>\nShe performs a perfect interpretation of the role and her voice is homogeneous in all registers.<br \/>\n(\u00d3pera Actual)<br \/>\nVery beautiful voice of particular timbre with emotional and scenic sensitivity and that manages to<br \/>\ngo through different registers with great naturalness.<br \/>\n(La Recensione, Reggio di Calabria).<br \/>\nThe mezzo-soprano Lorena Valero stands out powerfully on stage for her strong musical<br \/>\nand theatrical personality with which she gives life to her characters, among which it is worth<br \/>\nmentioning: Santuzza from Cavalleria Rusticana at the Op\u00e9ra-Th\u00e9\u00e2tre Metz M\u00e9tropole; the<br \/>\nrole of Elena from Mefistofele by Boito at the Th\u00e9\u00e2tre du Passage Neuch\u00e2tel and at the<br \/>\nTh\u00e9\u00e2tre Equilibre in Fribourg, Switzerland; Aida at the Festival im Berg in Salzburg; Suzuki<br \/>\nfrom Madame Butterly at the Teatro Cilea in Reggio di Calabria and at the Teatro Principal in<br \/>\nPalma de Mallorca; Rosario from Goyescas by Granados at the Palau de la M\u00fasica in Valencia<br \/>\nand Lleida \u2013the composer&#8217;s hometown\u2013, to commemorate his centenary; the role of Salud<br \/>\nfrom La Vida Breve by Falla at the Op\u00e9ra-Th\u00e9\u00e2tre Metz M\u00e9tropole, France, without<br \/>\nforgetting other characters such as Sesto from La Clemenza di Tito, Charlotte from Werther<br \/>\nand Carmen, a role she will perform for the first time soon.<br \/>\nDisciple of Margarita Lilova, Kammers\u00e4ngerin and professor at the University of Vienna.<br \/>\nShe lived in the Austrian capital for years to perfect her artistic training, after obtaining her<br \/>\nprofessional singing degree from the Conservatorio Superior del Liceo de Barcelona. She has<br \/>\nbeen taught by Ghena Dimitrova, Dolora Zajick, Jerzy Artisz, Roberto Scandiuzzi and<br \/>\nHelmut Deutsch. In addition, in Salzburg Lorena Valero won the Extraordinary Prize at the<br \/>\n\u201cGrandi Voci International Singing Competition\u201d.<br \/>\nShe is an advocate of the Spanish repertoire, with special interest outside her country. Her<br \/>\ndebut at the Teatro San Carlo in Naples with Manuel de Falla\u2019s El Sombrero de Tres Picos was<br \/>\nreceived with reviews such as: \u201cLorena Valero\u2019s voice contributed to the success of the Suite<br \/>\nfor its timbre and the atmosphere created\u201d (Il Mattino, Teatro di San Carlo di Napoli). \u201cIn<br \/>\nFalla\u2019s score, Lorena Valero\u2019s voice of great volume and beautiful timbre joined the<br \/>\norchestra\u201d (Corriere del mezzogiorno). In the Brazilian press she received enthusiastic<br \/>\nreviews of her interpretation of Candelas from Falla\u2019s El Amor Brujo, performed on the<br \/>\noccasion of the celebration of the D\u00eda de la Hispanidad at the Teatro Municipal S\u00e3o Paulo<br \/>\nand at the Teatro Municipal de Rio de Janeiro. With this same title by Falla she will tour<br \/>\nJapan in 2023.<br \/>\nZarzuela is another genre to which she has always paid special attention, both in concerts<br \/>\nand recordings. Examples of this are El hu\u00e9sped del sevillano by J. Guerrero with the Orquesta<br \/>\nSinf\u00f3nica de Radio Televisi\u00f3n Espa\u00f1ola at the Teatro Monumental in Madrid, which was<br \/>\nbroadcast by RTVE. With this same orchestra she has recorded live and presented in a<br \/>\nconcert tour \u201cAnatom\u00eda de la Zarzuela\u201d \u2013released on CD and DVD for the Warner label\u2013.<br \/>\nShortly, she will take on the title role of Luisa Fernanda by Moreno Torroba.<br \/>\nThe symphonic repertoire includes a wide range of works: Beethoven&#8217;s Missa Solemnis,<br \/>\nMozart\u2019s Requiem, Mahler\u2019s cycles -Das Lied von der Erde, Lieder eines fahrenden Gesellen, as well<br \/>\nas his Fourth Symphony- or Sch\u00f6nberg\u2019s Pierrot Lunaire, with ensembles such as the Orquesta<br \/>\nde Valencia, Pluralensemble and Collegium Instrumentale.<\/p>","protected":false},"excerpt":{"rendered":"<p>Download biography Lorena Valero mezzosoprano Lorena Valero stands out for her high vocal technique and her undisguisable sensitivity. (mundoclasico.com) She performs a perfect interpretation of the role and her voice is homogeneous in all registers. (\u00d3pera Actual) Very beautiful voice of particular timbre with emotional and scenic sensitivity and that manages to go through different [&hellip;]<\/p>\n","protected":false},"author":1,"featured_media":0,"parent":0,"menu_order":0,"comment_status":"closed","ping_status":"closed","template":"","meta":{"_genesis_hide_title":false,"_genesis_hide_breadcrumbs":false,"_genesis_hide_singular_image":false,"_genesis_hide_footer_widgets":false,"_genesis_custom_body_class":"","_genesis_custom_post_class":"","_genesis_layout":"","footnotes":""},"class_list":{"0":"post-1559","1":"page","2":"type-page","3":"status-publish","5":"entry"},"yoast_head":"<!-- This site is optimized with the Yoast SEO plugin v27.5 - https:\/\/yoast.com\/product\/yoast-seo-wordpress\/ -->\n<title>Biography 2 -<\/title>\n<meta name=\"robots\" content=\"index, follow, max-snippet:-1, max-image-preview:large, max-video-preview:-1\" \/>\n<link rel=\"canonical\" href=\"http:\/\/www.lorenavalero.es\/en\/biografia-english\/\" \/>\n<meta property=\"og:locale\" content=\"en_US\" \/>\n<meta property=\"og:type\" content=\"article\" \/>\n<meta property=\"og:title\" content=\"[:en]Biography 2[:] -\" \/>\n<meta property=\"og:description\" content=\"Download biography Lorena Valero mezzosoprano Lorena Valero stands out for her high vocal technique and her undisguisable sensitivity. (mundoclasico.com) She performs a perfect interpretation of the role and her voice is homogeneous in all registers. (\u00d3pera Actual) Very beautiful voice of particular timbre with emotional and scenic sensitivity and that manages to go through different [&hellip;]\" \/>\n<meta property=\"og:url\" content=\"http:\/\/www.lorenavalero.es\/en\/biografia-english\/\" \/>\n<meta property=\"article:modified_time\" content=\"2026-03-04T13:06:39+00:00\" \/>\n<meta property=\"og:image\" content=\"https:\/\/www.lorenavalero.es\/wp-content\/uploads\/2020\/09\/FOTO-BIOGRAFIA.jpg\" \/>\n<meta name=\"twitter:card\" content=\"summary_large_image\" \/>\n<meta name=\"twitter:label1\" content=\"Est. reading time\" \/>\n\t<meta name=\"twitter:data1\" content=\"3 minutes\" \/>\n<script type=\"application\/ld+json\" class=\"yoast-schema-graph\">{\"@context\":\"https:\\\/\\\/schema.org\",\"@graph\":[{\"@type\":\"WebPage\",\"@id\":\"http:\\\/\\\/www.lorenavalero.es\\\/en\\\/biografia-english\\\/\",\"url\":\"http:\\\/\\\/www.lorenavalero.es\\\/en\\\/biografia-english\\\/\",\"name\":\"[:en]Biography 2[:] -\",\"isPartOf\":{\"@id\":\"https:\\\/\\\/www.lorenavalero.es\\\/#website\"},\"primaryImageOfPage\":{\"@id\":\"http:\\\/\\\/www.lorenavalero.es\\\/en\\\/biografia-english\\\/#primaryimage\"},\"image\":{\"@id\":\"http:\\\/\\\/www.lorenavalero.es\\\/en\\\/biografia-english\\\/#primaryimage\"},\"thumbnailUrl\":\"https:\\\/\\\/www.lorenavalero.es\\\/wp-content\\\/uploads\\\/2020\\\/09\\\/FOTO-BIOGRAFIA.jpg\",\"datePublished\":\"2026-03-03T13:45:10+00:00\",\"dateModified\":\"2026-03-04T13:06:39+00:00\",\"breadcrumb\":{\"@id\":\"http:\\\/\\\/www.lorenavalero.es\\\/en\\\/biografia-english\\\/#breadcrumb\"},\"inLanguage\":\"en-US\",\"potentialAction\":[{\"@type\":\"ReadAction\",\"target\":[\"http:\\\/\\\/www.lorenavalero.es\\\/en\\\/biografia-english\\\/\"]}]},{\"@type\":\"ImageObject\",\"inLanguage\":\"en-US\",\"@id\":\"http:\\\/\\\/www.lorenavalero.es\\\/en\\\/biografia-english\\\/#primaryimage\",\"url\":\"https:\\\/\\\/www.lorenavalero.es\\\/wp-content\\\/uploads\\\/2020\\\/09\\\/FOTO-BIOGRAFIA.jpg\",\"contentUrl\":\"https:\\\/\\\/www.lorenavalero.es\\\/wp-content\\\/uploads\\\/2020\\\/09\\\/FOTO-BIOGRAFIA.jpg\"},{\"@type\":\"BreadcrumbList\",\"@id\":\"http:\\\/\\\/www.lorenavalero.es\\\/en\\\/biografia-english\\\/#breadcrumb\",\"itemListElement\":[{\"@type\":\"ListItem\",\"position\":1,\"name\":\"Portada\",\"item\":\"https:\\\/\\\/www.lorenavalero.es\\\/\"},{\"@type\":\"ListItem\",\"position\":2,\"name\":\"Biography 2\"}]},{\"@type\":\"WebSite\",\"@id\":\"https:\\\/\\\/www.lorenavalero.es\\\/#website\",\"url\":\"https:\\\/\\\/www.lorenavalero.es\\\/\",\"name\":\"\",\"description\":\"Otro sitio realizado con WordPress\",\"potentialAction\":[{\"@type\":\"SearchAction\",\"target\":{\"@type\":\"EntryPoint\",\"urlTemplate\":\"https:\\\/\\\/www.lorenavalero.es\\\/?s={search_term_string}\"},\"query-input\":{\"@type\":\"PropertyValueSpecification\",\"valueRequired\":true,\"valueName\":\"search_term_string\"}}],\"inLanguage\":\"en-US\"}]}<\/script>\n<!-- \/ Yoast SEO plugin. -->","yoast_head_json":{"title":"[:en]Biography 2[:] -","robots":{"index":"index","follow":"follow","max-snippet":"max-snippet:-1","max-image-preview":"max-image-preview:large","max-video-preview":"max-video-preview:-1"},"canonical":"http:\/\/www.lorenavalero.es\/en\/biografia-english\/","og_locale":"en_US","og_type":"article","og_title":"[:en]Biography 2[:] -","og_description":"Download biography Lorena Valero mezzosoprano Lorena Valero stands out for her high vocal technique and her undisguisable sensitivity. (mundoclasico.com) She performs a perfect interpretation of the role and her voice is homogeneous in all registers. (\u00d3pera Actual) Very beautiful voice of particular timbre with emotional and scenic sensitivity and that manages to go through different [&hellip;]","og_url":"http:\/\/www.lorenavalero.es\/en\/biografia-english\/","article_modified_time":"2026-03-04T13:06:39+00:00","og_image":[{"url":"https:\/\/www.lorenavalero.es\/wp-content\/uploads\/2020\/09\/FOTO-BIOGRAFIA.jpg","type":"","width":"","height":""}],"twitter_card":"summary_large_image","twitter_misc":{"Est. reading time":"3 minutes"},"schema":{"@context":"https:\/\/schema.org","@graph":[{"@type":"WebPage","@id":"http:\/\/www.lorenavalero.es\/en\/biografia-english\/","url":"http:\/\/www.lorenavalero.es\/en\/biografia-english\/","name":"[:en]Biography 2[:] -","isPartOf":{"@id":"https:\/\/www.lorenavalero.es\/#website"},"primaryImageOfPage":{"@id":"http:\/\/www.lorenavalero.es\/en\/biografia-english\/#primaryimage"},"image":{"@id":"http:\/\/www.lorenavalero.es\/en\/biografia-english\/#primaryimage"},"thumbnailUrl":"https:\/\/www.lorenavalero.es\/wp-content\/uploads\/2020\/09\/FOTO-BIOGRAFIA.jpg","datePublished":"2026-03-03T13:45:10+00:00","dateModified":"2026-03-04T13:06:39+00:00","breadcrumb":{"@id":"http:\/\/www.lorenavalero.es\/en\/biografia-english\/#breadcrumb"},"inLanguage":"en-US","potentialAction":[{"@type":"ReadAction","target":["http:\/\/www.lorenavalero.es\/en\/biografia-english\/"]}]},{"@type":"ImageObject","inLanguage":"en-US","@id":"http:\/\/www.lorenavalero.es\/en\/biografia-english\/#primaryimage","url":"https:\/\/www.lorenavalero.es\/wp-content\/uploads\/2020\/09\/FOTO-BIOGRAFIA.jpg","contentUrl":"https:\/\/www.lorenavalero.es\/wp-content\/uploads\/2020\/09\/FOTO-BIOGRAFIA.jpg"},{"@type":"BreadcrumbList","@id":"http:\/\/www.lorenavalero.es\/en\/biografia-english\/#breadcrumb","itemListElement":[{"@type":"ListItem","position":1,"name":"Portada","item":"https:\/\/www.lorenavalero.es\/"},{"@type":"ListItem","position":2,"name":"Biography 2"}]},{"@type":"WebSite","@id":"https:\/\/www.lorenavalero.es\/#website","url":"https:\/\/www.lorenavalero.es\/","name":"","description":"Otro sitio realizado con WordPress","potentialAction":[{"@type":"SearchAction","target":{"@type":"EntryPoint","urlTemplate":"https:\/\/www.lorenavalero.es\/?s={search_term_string}"},"query-input":{"@type":"PropertyValueSpecification","valueRequired":true,"valueName":"search_term_string"}}],"inLanguage":"en-US"}]}},"_links":{"self":[{"href":"https:\/\/www.lorenavalero.es\/en\/wp-json\/wp\/v2\/pages\/1559","targetHints":{"allow":["GET"]}}],"collection":[{"href":"https:\/\/www.lorenavalero.es\/en\/wp-json\/wp\/v2\/pages"}],"about":[{"href":"https:\/\/www.lorenavalero.es\/en\/wp-json\/wp\/v2\/types\/page"}],"author":[{"embeddable":true,"href":"https:\/\/www.lorenavalero.es\/en\/wp-json\/wp\/v2\/users\/1"}],"replies":[{"embeddable":true,"href":"https:\/\/www.lorenavalero.es\/en\/wp-json\/wp\/v2\/comments?post=1559"}],"version-history":[{"count":4,"href":"https:\/\/www.lorenavalero.es\/en\/wp-json\/wp\/v2\/pages\/1559\/revisions"}],"predecessor-version":[{"id":1598,"href":"https:\/\/www.lorenavalero.es\/en\/wp-json\/wp\/v2\/pages\/1559\/revisions\/1598"}],"wp:attachment":[{"href":"https:\/\/www.lorenavalero.es\/en\/wp-json\/wp\/v2\/media?parent=1559"}],"curies":[{"name":"wp","href":"https:\/\/api.w.org\/{rel}","templated":true}]}}